{"id":4063,"date":"2016-07-28T00:17:54","date_gmt":"2016-07-27T23:17:54","guid":{"rendered":"https:\/\/plasma-laurentides.org\/?page_id=4063"},"modified":"2016-07-28T00:17:54","modified_gmt":"2016-07-27T23:17:54","slug":"termes-et-conditions","status":"publish","type":"page","link":"https:\/\/pl1.plasma-laurentides.org\/de\/termes-et-conditions","title":{"rendered":"Termes et conditions"},"content":{"rendered":"<p align=\"center\"><span style=\"font-family: Liberation Sans,sans-serif;\"><span style=\"font-size: xx-large;\"><b>Termes et conditions<\/b><\/span><\/span><\/p>\n<h4 class=\"western\" align=\"center\">Contrat Priv\u00e9 entre \u00eatres humains<\/h4>\n<p align=\"justify\">\nCe contrat met en \u00e9vidence les termes et conditions en ce qui concerne les \u00e9changes entre les Collaboratives Libres &#8222;<i><b>Pont de Vie<\/b><\/i>&#8222;\/&#8220;<i><b>Plasma-Laurentides<\/b><\/i>&#8220; et l&#8217;utilisateur\/client en tant qu&#8217;individu et non en tant que personne l\u00e9gale. Il exclut toute intervention d&#8217;une tierce personne et d&#8217;un recours juridique.<\/p>\n<p align=\"justify\">Dans l&#8217;esprit de co-cr\u00e9ation de notre vie, nous mettons de l&#8217;avant la responsabilit\u00e9 de chacun-e: nous prenons la responsabilit\u00e9 de fournir les produits, services et informations au meilleur de notre connaissance. En cas de d\u00e9faut de manufacture nous nous portons garants dans un d\u00e9lai de 3 semaines, soit pour le r\u00e9parer ou le remplacer selon le cas. Les frais de transport seront d\u00e9fray\u00e9s selon qui envoie le produit.<\/p>\n<blockquote><p>Note: <b>Le plasma interagit avec vous et peut changer de consistance et\/ou la couleur sans pour cela \u00eatre un d\u00e9faut.<\/b><\/p><\/blockquote>\n<p align=\"justify\">De la part des utilisateurs\/client, nous demandons que chacun-e prenne l&#8217;enti\u00e8re responsabilit\u00e9 pour l&#8217;usage qu&#8217;ils en feront. Sachez que l\u2019efficacit\u00e9 de tout produit plasmique d\u00e9pend en majeure partie de la puissance de votre intention!<\/p>\n<p align=\"justify\">En apposant votre signature ci-bas vous signifiez votre consentement avec ce contrat priv\u00e9.<\/p>\n","protected":false},"excerpt":{"rendered":"<p>Termes et conditions Contrat Priv\u00e9 entre \u00eatres humains Ce contrat met en \u00e9vidence les termes et conditions en ce qui concerne les \u00e9changes entre les Collaboratives Libres &#8222;Pont de Vie&#8222;\/&#8220;Plasma-Laurentides&#8220; [&hellip;]<\/p>\n","protected":false},"author":1,"featured_media":0,"parent":0,"menu_order":0,"comment_status":"closed","ping_status":"closed","template":"","meta":{"footnotes":""},"class_list":["post-4063","page","type-page","status-publish","hentry"],"_links":{"self":[{"href":"https:\/\/pl1.plasma-laurentides.org\/de\/wp-json\/wp\/v2\/pages\/4063","targetHints":{"allow":["GET"]}}],"collection":[{"href":"https:\/\/pl1.plasma-laurentides.org\/de\/wp-json\/wp\/v2\/pages"}],"about":[{"href":"https:\/\/pl1.plasma-laurentides.org\/de\/wp-json\/wp\/v2\/types\/page"}],"author":[{"embeddable":true,"href":"https:\/\/pl1.plasma-laurentides.org\/de\/wp-json\/wp\/v2\/users\/1"}],"replies":[{"embeddable":true,"href":"https:\/\/pl1.plasma-laurentides.org\/de\/wp-json\/wp\/v2\/comments?post=4063"}],"version-history":[{"count":0,"href":"https:\/\/pl1.plasma-laurentides.org\/de\/wp-json\/wp\/v2\/pages\/4063\/revisions"}],"wp:attachment":[{"href":"https:\/\/pl1.plasma-laurentides.org\/de\/wp-json\/wp\/v2\/media?parent=4063"}],"curies":[{"name":"wp","href":"https:\/\/api.w.org\/{rel}","templated":true}]}}